{"id":4080,"date":"2022-09-02T08:38:07","date_gmt":"2022-09-02T06:38:07","guid":{"rendered":"https:\/\/amardas.at\/events\/monthly-events\/sound-relaxation\/"},"modified":"2026-01-07T15:48:12","modified_gmt":"2026-01-07T14:48:12","slug":"sound-relaxation","status":"publish","type":"page","link":"https:\/\/amardas.at\/en\/events\/monthly-events\/sound-relaxation\/","title":{"rendered":"Sound relaxation"},"content":{"rendered":"<p>Leg dich auf die Matte und genie\u00dfe eine Entspannung mit Kl\u00e4ngen.<\/p>\n<p><strong>N\u00e4chste Termine:<br \/>\n<b data-olk-copy-source=\"MailCompose\">9. J\u00e4nner 2026<br \/>\n20. Februar 2026<br \/>\n6. M\u00e4rz 2026<br \/>\n24. April 2026<br \/>\n8. Mai 2026<br \/>\n12. Juni 2026<\/b><br \/>\n<\/strong><\/p>\n<p>Einmal im Monat immer freitags: 19:00-20:00 Uhr<br \/>\nPreis: 25 Euro (in Jahres- und Monatsabos inkludiert)<br \/>\nAnmeldung erforderlich.<br \/>\nMit dem Amar Das Team<\/p>\n<p>Eine Termin\u00fcbersicht erh\u00e4ltst du im Flyer zur Sound relaxation und im <a href=\"https:\/\/amardas.at\/en\/schedule\/classes\/\">Stundenplan<\/a>\u00a0kannst du einsehen, welche Einheit aus unserem wechselnden Angebot diesen Freitag ansteht.<\/p>\n<p>Melde dich jetzt f\u00fcr unseren\u00a0<a href=\"https:\/\/amardas.us16.list-manage.com\/subscribe?u=7e07159a04b37919d3010b7cb&amp;id=6f79e7b013\">Newsletter<\/a>\u00a0an und bleibe zu weiteren Terminen und Angeboten auf dem Laufenden.<\/p>\n<p><a href=\"https:\/\/amardas.at\/cms\/wp-content\/uploads\/2026\/01\/klangspecials_a3_26-1.pdf\">Flyer<\/a><\/p>\n","protected":false},"excerpt":{"rendered":"<p>Leg dich auf die Matte und genie\u00dfe eine Entspannung mit Kl\u00e4ngen. N\u00e4chste Termine: 9. J\u00e4nner 2026 20. Februar 2026 6. M\u00e4rz 2026 24. April 2026 8. Mai 2026 12. Juni [&hellip;]<\/p>\n","protected":false},"author":2,"featured_media":3940,"parent":1819,"menu_order":1,"comment_status":"closed","ping_status":"closed","template":"","meta":{"_acf_changed":false,"footnotes":""},"class_list":["post-4080","page","type-page","status-publish","has-post-thumbnail","hentry"],"acf":[],"yoast_head":"<!-- This site is optimized with the Yoast SEO plugin v26.6 - https:\/\/yoast.com\/wordpress\/plugins\/seo\/ -->\n<title>Sound relaxation - Amar Das<\/title>\n<meta name=\"description\" content=\"Leg dich auf die Matte und genie\u00dfe eine Entspannung mit Kl\u00e4ngen. N\u00e4chste Termine: 9. J\u00e4nner 2026 20. Februar 2026 6. M\u00e4rz 2026 24. April 2026 8. Mai 2026\" \/>\n<meta name=\"robots\" content=\"index, follow, max-snippet:-1, max-image-preview:large, max-video-preview:-1\" \/>\n<link rel=\"canonical\" href=\"https:\/\/amardas.at\/en\/events\/monthly-events\/sound-relaxation\/\" \/>\n<meta property=\"og:locale\" content=\"en_US\" \/>\n<meta property=\"og:type\" content=\"article\" \/>\n<meta property=\"og:title\" content=\"Sound relaxation - Amar Das\" \/>\n<meta property=\"og:description\" content=\"Leg dich auf die Matte und genie\u00dfe eine Entspannung mit Kl\u00e4ngen. N\u00e4chste Termine: 9. J\u00e4nner 2026 20. Februar 2026 6. M\u00e4rz 2026 24. April 2026 8. Mai 2026\" \/>\n<meta property=\"og:url\" content=\"https:\/\/amardas.at\/en\/events\/monthly-events\/sound-relaxation\/\" \/>\n<meta property=\"og:site_name\" content=\"Amar Das\" \/>\n<meta property=\"article:modified_time\" content=\"2026-01-07T14:48:12+00:00\" \/>\n<meta property=\"og:image\" content=\"https:\/\/amardas.at\/cms\/wp-content\/uploads\/2022\/09\/monochord-scaled.jpeg\" \/>\n\t<meta property=\"og:image:width\" content=\"2560\" \/>\n\t<meta property=\"og:image:height\" content=\"1920\" \/>\n\t<meta property=\"og:image:type\" content=\"image\/jpeg\" \/>\n<meta name=\"twitter:card\" content=\"summary_large_image\" \/>\n<script type=\"application\/ld+json\" class=\"yoast-schema-graph\">{\"@context\":\"https:\/\/schema.org\",\"@graph\":[{\"@type\":\"WebPage\",\"@id\":\"https:\/\/amardas.at\/en\/events\/monthly-events\/sound-relaxation\/\",\"url\":\"https:\/\/amardas.at\/en\/events\/monthly-events\/sound-relaxation\/\",\"name\":\"Sound relaxation - Amar Das\",\"isPartOf\":{\"@id\":\"https:\/\/amardas.at\/#website\"},\"primaryImageOfPage\":{\"@id\":\"https:\/\/amardas.at\/en\/events\/monthly-events\/sound-relaxation\/#primaryimage\"},\"image\":{\"@id\":\"https:\/\/amardas.at\/en\/events\/monthly-events\/sound-relaxation\/#primaryimage\"},\"thumbnailUrl\":\"https:\/\/amardas.at\/cms\/wp-content\/uploads\/2022\/09\/monochord-scaled.jpeg\",\"datePublished\":\"2022-09-02T06:38:07+00:00\",\"dateModified\":\"2026-01-07T14:48:12+00:00\",\"description\":\"Leg dich auf die Matte und genie\u00dfe eine Entspannung mit Kl\u00e4ngen. N\u00e4chste Termine: 9. J\u00e4nner 2026 20. Februar 2026 6. M\u00e4rz 2026 24. April 2026 8. Mai 2026\",\"breadcrumb\":{\"@id\":\"https:\/\/amardas.at\/en\/events\/monthly-events\/sound-relaxation\/#breadcrumb\"},\"inLanguage\":\"en-US\",\"potentialAction\":[{\"@type\":\"ReadAction\",\"target\":[\"https:\/\/amardas.at\/en\/events\/monthly-events\/sound-relaxation\/\"]}]},{\"@type\":\"ImageObject\",\"inLanguage\":\"en-US\",\"@id\":\"https:\/\/amardas.at\/en\/events\/monthly-events\/sound-relaxation\/#primaryimage\",\"url\":\"https:\/\/amardas.at\/cms\/wp-content\/uploads\/2022\/09\/monochord-scaled.jpeg\",\"contentUrl\":\"https:\/\/amardas.at\/cms\/wp-content\/uploads\/2022\/09\/monochord-scaled.jpeg\",\"width\":2560,\"height\":1920,\"caption\":\"OLYMPUS DIGITAL CAMERA\"},{\"@type\":\"BreadcrumbList\",\"@id\":\"https:\/\/amardas.at\/en\/events\/monthly-events\/sound-relaxation\/#breadcrumb\",\"itemListElement\":[{\"@type\":\"ListItem\",\"position\":1,\"name\":\"\",\"item\":\"https:\/\/amardas.at\/en\/\"},{\"@type\":\"ListItem\",\"position\":2,\"name\":\"Events\",\"item\":\"https:\/\/amardas.at\/en\/events\/\"},{\"@type\":\"ListItem\",\"position\":3,\"name\":\"Monthly Events\",\"item\":\"https:\/\/amardas.at\/en\/events\/monthly-events\/\"},{\"@type\":\"ListItem\",\"position\":4,\"name\":\"Sound relaxation\"}]},{\"@type\":\"WebSite\",\"@id\":\"https:\/\/amardas.at\/#website\",\"url\":\"https:\/\/amardas.at\/\",\"name\":\"Amar Das\",\"description\":\"\",\"potentialAction\":[{\"@type\":\"SearchAction\",\"target\":{\"@type\":\"EntryPoint\",\"urlTemplate\":\"https:\/\/amardas.at\/?s={search_term_string}\"},\"query-input\":{\"@type\":\"PropertyValueSpecification\",\"valueRequired\":true,\"valueName\":\"search_term_string\"}}],\"inLanguage\":\"en-US\"}]}<\/script>\n<!-- \/ Yoast SEO plugin. -->","yoast_head_json":{"title":"Sound relaxation - Amar Das","description":"Leg dich auf die Matte und genie\u00dfe eine Entspannung mit Kl\u00e4ngen. N\u00e4chste Termine: 9. J\u00e4nner 2026 20. Februar 2026 6. M\u00e4rz 2026 24. April 2026 8. Mai 2026","robots":{"index":"index","follow":"follow","max-snippet":"max-snippet:-1","max-image-preview":"max-image-preview:large","max-video-preview":"max-video-preview:-1"},"canonical":"https:\/\/amardas.at\/en\/events\/monthly-events\/sound-relaxation\/","og_locale":"en_US","og_type":"article","og_title":"Sound relaxation - Amar Das","og_description":"Leg dich auf die Matte und genie\u00dfe eine Entspannung mit Kl\u00e4ngen. N\u00e4chste Termine: 9. J\u00e4nner 2026 20. Februar 2026 6. M\u00e4rz 2026 24. April 2026 8. Mai 2026","og_url":"https:\/\/amardas.at\/en\/events\/monthly-events\/sound-relaxation\/","og_site_name":"Amar Das","article_modified_time":"2026-01-07T14:48:12+00:00","og_image":[{"width":2560,"height":1920,"url":"https:\/\/amardas.at\/cms\/wp-content\/uploads\/2022\/09\/monochord-scaled.jpeg","type":"image\/jpeg"}],"twitter_card":"summary_large_image","schema":{"@context":"https:\/\/schema.org","@graph":[{"@type":"WebPage","@id":"https:\/\/amardas.at\/en\/events\/monthly-events\/sound-relaxation\/","url":"https:\/\/amardas.at\/en\/events\/monthly-events\/sound-relaxation\/","name":"Sound relaxation - Amar Das","isPartOf":{"@id":"https:\/\/amardas.at\/#website"},"primaryImageOfPage":{"@id":"https:\/\/amardas.at\/en\/events\/monthly-events\/sound-relaxation\/#primaryimage"},"image":{"@id":"https:\/\/amardas.at\/en\/events\/monthly-events\/sound-relaxation\/#primaryimage"},"thumbnailUrl":"https:\/\/amardas.at\/cms\/wp-content\/uploads\/2022\/09\/monochord-scaled.jpeg","datePublished":"2022-09-02T06:38:07+00:00","dateModified":"2026-01-07T14:48:12+00:00","description":"Leg dich auf die Matte und genie\u00dfe eine Entspannung mit Kl\u00e4ngen. N\u00e4chste Termine: 9. J\u00e4nner 2026 20. Februar 2026 6. M\u00e4rz 2026 24. April 2026 8. Mai 2026","breadcrumb":{"@id":"https:\/\/amardas.at\/en\/events\/monthly-events\/sound-relaxation\/#breadcrumb"},"inLanguage":"en-US","potentialAction":[{"@type":"ReadAction","target":["https:\/\/amardas.at\/en\/events\/monthly-events\/sound-relaxation\/"]}]},{"@type":"ImageObject","inLanguage":"en-US","@id":"https:\/\/amardas.at\/en\/events\/monthly-events\/sound-relaxation\/#primaryimage","url":"https:\/\/amardas.at\/cms\/wp-content\/uploads\/2022\/09\/monochord-scaled.jpeg","contentUrl":"https:\/\/amardas.at\/cms\/wp-content\/uploads\/2022\/09\/monochord-scaled.jpeg","width":2560,"height":1920,"caption":"OLYMPUS DIGITAL CAMERA"},{"@type":"BreadcrumbList","@id":"https:\/\/amardas.at\/en\/events\/monthly-events\/sound-relaxation\/#breadcrumb","itemListElement":[{"@type":"ListItem","position":1,"name":"","item":"https:\/\/amardas.at\/en\/"},{"@type":"ListItem","position":2,"name":"Events","item":"https:\/\/amardas.at\/en\/events\/"},{"@type":"ListItem","position":3,"name":"Monthly Events","item":"https:\/\/amardas.at\/en\/events\/monthly-events\/"},{"@type":"ListItem","position":4,"name":"Sound relaxation"}]},{"@type":"WebSite","@id":"https:\/\/amardas.at\/#website","url":"https:\/\/amardas.at\/","name":"Amar Das","description":"","potentialAction":[{"@type":"SearchAction","target":{"@type":"EntryPoint","urlTemplate":"https:\/\/amardas.at\/?s={search_term_string}"},"query-input":{"@type":"PropertyValueSpecification","valueRequired":true,"valueName":"search_term_string"}}],"inLanguage":"en-US"}]}},"_links":{"self":[{"href":"https:\/\/amardas.at\/en\/wp-json\/wp\/v2\/pages\/4080","targetHints":{"allow":["GET"]}}],"collection":[{"href":"https:\/\/amardas.at\/en\/wp-json\/wp\/v2\/pages"}],"about":[{"href":"https:\/\/amardas.at\/en\/wp-json\/wp\/v2\/types\/page"}],"author":[{"embeddable":true,"href":"https:\/\/amardas.at\/en\/wp-json\/wp\/v2\/users\/2"}],"replies":[{"embeddable":true,"href":"https:\/\/amardas.at\/en\/wp-json\/wp\/v2\/comments?post=4080"}],"version-history":[{"count":19,"href":"https:\/\/amardas.at\/en\/wp-json\/wp\/v2\/pages\/4080\/revisions"}],"predecessor-version":[{"id":4858,"href":"https:\/\/amardas.at\/en\/wp-json\/wp\/v2\/pages\/4080\/revisions\/4858"}],"up":[{"embeddable":true,"href":"https:\/\/amardas.at\/en\/wp-json\/wp\/v2\/pages\/1819"}],"wp:featuredmedia":[{"embeddable":true,"href":"https:\/\/amardas.at\/en\/wp-json\/wp\/v2\/media\/3940"}],"wp:attachment":[{"href":"https:\/\/amardas.at\/en\/wp-json\/wp\/v2\/media?parent=4080"}],"curies":[{"name":"wp","href":"https:\/\/api.w.org\/{rel}","templated":true}]}}